{"id":12,"date":"2020-01-28T15:10:35","date_gmt":"2020-01-28T15:10:35","guid":{"rendered":"https:\/\/denshi.mx\/prototipo\/?page_id=12"},"modified":"2024-11-09T00:11:23","modified_gmt":"2024-11-09T00:11:23","slug":"contacto","status":"publish","type":"page","link":"https:\/\/denshi.mx\/?page_id=12","title":{"rendered":"Contacto"},"content":{"rendered":"\n<p class=\"has-drop-cap has-primary-color has-background-background-color has-text-color has-background\">Cont\u00e1ctenos para solicitar una cotizaci\u00f3n, una visita en su empresa u obtener mayor informaci\u00f3n de nuestros servicios. Nos empe\u00f1amos en tener respuestas r\u00e1pidas y soluciones efectivas. Ser\u00e1 un placer atenderle.<\/p>\n\n\n\n<div class=\"wp-block-media-text alignwide has-media-on-the-right is-stacked-on-mobile\" style=\"grid-template-columns:auto 15%\"><div class=\"wp-block-media-text__content\">\n<blockquote class=\"wp-block-quote is-style-large is-layout-flow wp-block-quote-is-layout-flow\">\n<h2 class=\"wp-block-heading\">Para comunicarse con nosotros: <\/h2>\n<cite>Tel\u00e9fono m\u00f3vil y whatsapp: 2228149087<br>servicio@denshi.mx<\/cite><\/blockquote>\n<\/div><figure class=\"wp-block-media-text__media\"><img loading=\"lazy\" decoding=\"async\" width=\"681\" height=\"651\" src=\"https:\/\/denshi.mx\/prototipo\/wp-content\/uploads\/2020\/03\/g4775.png\" alt=\"\" class=\"wp-image-659 size-full\" srcset=\"https:\/\/denshi.mx\/wp-content\/uploads\/2020\/03\/g4775.png 681w, https:\/\/denshi.mx\/wp-content\/uploads\/2020\/03\/g4775-300x287.png 300w\" sizes=\"auto, (max-width: 681px) 100vw, 681px\" \/><\/figure><\/div>\n\n\n\n<p><\/p>\n","protected":false},"excerpt":{"rendered":"<p>Cont\u00e1ctenos para solicitar una cotizaci\u00f3n, una visita en su empresa u obtener mayor informaci\u00f3n de nuestros servicios. Nos empe\u00f1amos en tener respuestas r\u00e1pidas y soluciones efectivas. Ser\u00e1 un placer atenderle.<\/p>\n","protected":false},"author":1,"featured_media":80,"parent":0,"menu_order":0,"comment_status":"closed","ping_status":"closed","template":"","meta":{"footnotes":""},"class_list":["post-12","page","type-page","status-publish","has-post-thumbnail","hentry"],"_links":{"self":[{"href":"https:\/\/denshi.mx\/index.php?rest_route=\/wp\/v2\/pages\/12","targetHints":{"allow":["GET"]}}],"collection":[{"href":"https:\/\/denshi.mx\/index.php?rest_route=\/wp\/v2\/pages"}],"about":[{"href":"https:\/\/denshi.mx\/index.php?rest_route=\/wp\/v2\/types\/page"}],"author":[{"embeddable":true,"href":"https:\/\/denshi.mx\/index.php?rest_route=\/wp\/v2\/users\/1"}],"replies":[{"embeddable":true,"href":"https:\/\/denshi.mx\/index.php?rest_route=%2Fwp%2Fv2%2Fcomments&post=12"}],"version-history":[{"count":37,"href":"https:\/\/denshi.mx\/index.php?rest_route=\/wp\/v2\/pages\/12\/revisions"}],"predecessor-version":[{"id":881,"href":"https:\/\/denshi.mx\/index.php?rest_route=\/wp\/v2\/pages\/12\/revisions\/881"}],"wp:featuredmedia":[{"embeddable":true,"href":"https:\/\/denshi.mx\/index.php?rest_route=\/wp\/v2\/media\/80"}],"wp:attachment":[{"href":"https:\/\/denshi.mx\/index.php?rest_route=%2Fwp%2Fv2%2Fmedia&parent=12"}],"curies":[{"name":"wp","href":"https:\/\/api.w.org\/{rel}","templated":true}]}}