{"id":13,"date":"2020-01-28T15:10:35","date_gmt":"2020-01-28T15:10:35","guid":{"rendered":"https:\/\/denshi.mx\/prototipo\/?page_id=13"},"modified":"2023-02-21T17:21:51","modified_gmt":"2023-02-21T17:21:51","slug":"mision","status":"publish","type":"page","link":"https:\/\/denshi.mx\/?page_id=13","title":{"rendered":"Misi\u00f3n y visi\u00f3n"},"content":{"rendered":"\n<blockquote class=\"wp-block-quote is-style-large is-layout-flow wp-block-quote-is-layout-flow\">\n<p>Denshi  Industrial de M\u00e9xico, S.A de C.V., es una empresa dedicada al mantenimiento preventivo y correctivo de equipos electr\u00f3nicos industriales, proyectos de automatizaci\u00f3n y asistencia en planta. Colaboramos con nuestros clientes en el mantenimiento y productividad de sus empresas.<\/p>\n<\/blockquote>\n\n\n\n<div class=\"wp-block-media-text alignwide is-stacked-on-mobile\"><figure class=\"wp-block-media-text__media\"><img loading=\"lazy\" decoding=\"async\" width=\"780\" height=\"792\" src=\"https:\/\/denshi.mx\/prototipo\/wp-content\/uploads\/2020\/01\/republica.png\" alt=\"\" class=\"wp-image-80 size-full\" srcset=\"https:\/\/denshi.mx\/wp-content\/uploads\/2020\/01\/republica.png 780w, https:\/\/denshi.mx\/wp-content\/uploads\/2020\/01\/republica-295x300.png 295w, https:\/\/denshi.mx\/wp-content\/uploads\/2020\/01\/republica-768x780.png 768w\" sizes=\"auto, (max-width: 780px) 100vw, 780px\" \/><\/figure><div class=\"wp-block-media-text__content\">\n<h2 class=\"wp-block-heading\">[Misi\u00f3n]<\/h2>\n\n\n\n<blockquote class=\"wp-block-quote is-style-large is-layout-flow wp-block-quote-is-layout-flow\">\n<p> Brindamos servicio de mantenimiento electr\u00f3nico industrial a empresas de manufactura. Nuestra principal fortaleza es la capacidad te\u00f3rica, t\u00e9cnica y operativa que da respuesta a las diversas necesidades en el \u00e1rea electr\u00f3nica de nuestros clientes.<\/p>\n<\/blockquote>\n\n\n\n<h2 class=\"wp-block-heading\">[Visi\u00f3n]<\/h2>\n\n\n\n<blockquote class=\"wp-block-quote is-style-large is-layout-flow wp-block-quote-is-layout-flow\">\n<p> Ser el proveedor de servicios de mantenimiento electr\u00f3nico industrial m\u00e1s confiable y eficiente de las empresas de M\u00e9xico.<\/p>\n<\/blockquote>\n<\/div><\/div>\n","protected":false},"excerpt":{"rendered":"<p>Denshi Industrial de M\u00e9xico, S.A de C.V., es una empresa dedicada al mantenimiento preventivo y correctivo de equipos electr\u00f3nicos industriales, proyectos de automatizaci\u00f3n y asistencia en planta. Colaboramos con nuestros clientes en el mantenimiento y productividad de sus empresas.<\/p>\n","protected":false},"author":1,"featured_media":0,"parent":3,"menu_order":0,"comment_status":"closed","ping_status":"closed","template":"","meta":{"footnotes":""},"class_list":["post-13","page","type-page","status-publish","hentry"],"_links":{"self":[{"href":"https:\/\/denshi.mx\/index.php?rest_route=\/wp\/v2\/pages\/13","targetHints":{"allow":["GET"]}}],"collection":[{"href":"https:\/\/denshi.mx\/index.php?rest_route=\/wp\/v2\/pages"}],"about":[{"href":"https:\/\/denshi.mx\/index.php?rest_route=\/wp\/v2\/types\/page"}],"author":[{"embeddable":true,"href":"https:\/\/denshi.mx\/index.php?rest_route=\/wp\/v2\/users\/1"}],"replies":[{"embeddable":true,"href":"https:\/\/denshi.mx\/index.php?rest_route=%2Fwp%2Fv2%2Fcomments&post=13"}],"version-history":[{"count":9,"href":"https:\/\/denshi.mx\/index.php?rest_route=\/wp\/v2\/pages\/13\/revisions"}],"predecessor-version":[{"id":820,"href":"https:\/\/denshi.mx\/index.php?rest_route=\/wp\/v2\/pages\/13\/revisions\/820"}],"up":[{"embeddable":true,"href":"https:\/\/denshi.mx\/index.php?rest_route=\/wp\/v2\/pages\/3"}],"wp:attachment":[{"href":"https:\/\/denshi.mx\/index.php?rest_route=%2Fwp%2Fv2%2Fmedia&parent=13"}],"curies":[{"name":"wp","href":"https:\/\/api.w.org\/{rel}","templated":true}]}}