{"id":3,"date":"2020-01-23T21:36:35","date_gmt":"2020-01-23T21:36:35","guid":{"rendered":"https:\/\/denshi.mx\/prototipo\/?page_id=3"},"modified":"2023-02-21T17:17:31","modified_gmt":"2023-02-21T17:17:31","slug":"politica-privacidad","status":"publish","type":"page","link":"https:\/\/denshi.mx\/?page_id=3","title":{"rendered":"Aviso de privacidad"},"content":{"rendered":"\n<p class=\"has-background-background-color has-background\">Denshi Industrial de M\u00e9xico, S.A. de C.V., con domicilio fiscal en calle Los Pinos No.5, Secci\u00f3n 10, colonia San Miguel Canoa, Puebla, Puebla, CP 72900, M\u00e9xico, y portal de internet https:\/\/denshi.mx, es el responsable del uso y protecci\u00f3n de sus datos personales, y al respecto le informamos lo siguiente:<\/p>\n\n\n\n<p class=\"has-background-background-color has-background\">Los datos personales que recabamos de usted, los utilizaremos para las siguientes finalidades que son necesarias para el servicio que solicita: <\/p>\n\n\n\n<ul class=\"wp-block-list\">\n<li>Para ofertar los servicios de la empresa<\/li>\n\n\n\n<li>Para enviarles informaci\u00f3n relacionada a los servicios contratados<\/li>\n\n\n\n<li>Para emitir facturas <\/li>\n<\/ul>\n\n\n\n<p class=\"has-background-background-color has-background\">De manera adicional, utilizaremos su informaci\u00f3n personal para las siguientes finalidades secundarias que no son necesarias para el servicio solicitado, pero que nos permiten y facilitan brindarle una mejor atenci\u00f3n:<\/p>\n\n\n\n<ul class=\"wp-block-list\">\n<li>Mercadotecnia o publicitaria <\/li>\n<\/ul>\n\n\n\n<p class=\"has-background-background-color has-background\">La negativa para el uso de sus datos personales para estas finalidades no podr\u00e1 ser un motivo para que le neguemos los servicios y productos que solicita o contrata con nosotros.<\/p>\n\n\n\n<p class=\"has-background-background-color has-background\">Para llevar a cabo las finalidades descritas en el presente aviso de privacidad, utilizaremos los siguientes datos personales:<\/p>\n\n\n\n<ul class=\"wp-block-list\">\n<li>Nombre<\/li>\n\n\n\n<li>Tel\u00e9fono celular<\/li>\n\n\n\n<li>Puesto o cargo que desempe\u00f1a<\/li>\n\n\n\n<li>Domicilio de trabajo<\/li>\n\n\n\n<li>Correo electr\u00f3nico institucional<\/li>\n\n\n\n<li>Tel\u00e9fono institucional<\/li>\n\n\n\n<li>Informaci\u00f3n fiscal<\/li>\n<\/ul>\n\n\n\n<p class=\"has-background-background-color has-background\">Usted tiene derecho a conocer qu\u00e9 datos personales tenemos de usted, para qu\u00e9 los utilizamos y las condiciones del uso que les damos (Acceso). Asimismo, es su derecho solicitar la correcci\u00f3n de su informaci\u00f3n personal en caso de que est\u00e9 desactualizada, sea inexacta o incompleta (Rectificaci\u00f3n); que la eliminemos de nuestros registros o bases de datos cuando considere que la misma no est\u00e1 siendo utilizada adecuadamente (Cancelaci\u00f3n); as\u00ed como oponerse al uso de sus datos personales para fines espec\u00edficos (Oposici\u00f3n). Estos derechos se conocen como derechos ARCO.<\/p>\n\n\n\n<p class=\"has-background-background-color has-background\">Para el ejercicio de cualquiera de los derechos ARCO, usted deber\u00e1 presentar la solicitud respectiva a trav\u00e9s del siguiente medio: <\/p>\n\n\n\n<p class=\"has-background-background-color has-background\">A trav\u00e9s del formulario de contacto de la p\u00e1gina web https:\/\/denshi.mx, al correo administracion@denshi.mx <\/p>\n\n\n\n<h3 class=\"wp-block-heading\"><strong> \u00bfC\u00f3mo puede limitar el uso o divulgaci\u00f3n de su informaci\u00f3n personal? <\/strong><\/h3>\n\n\n\n<p class=\"has-background-background-color has-background\">Con objeto de que usted pueda limitar el uso y divulgaci\u00f3n de su informaci\u00f3n personal, le ofrecemos los siguientes medios: <\/p>\n\n\n\n<pre class=\"wp-block-preformatted\"><strong>Correo electr\u00f3nico administracion@denshi.mx<\/strong><\/pre>\n\n\n\n<h3 class=\"wp-block-heading\"> El uso de tecnolog\u00edas de rastreo en nuestro portal de Internet<\/h3>\n\n\n\n<p class=\"has-background-background-color has-background\">Le informamos que en nuestra p\u00e1gina de internet utilizamos cookies, web beacons u otras tecnolog\u00edas, a trav\u00e9s de las cuales es posible monitorear su comportamiento como usuario de internet, as\u00ed como brindarle un mejor servicio y experiencia al navegar en nuestra p\u00e1gina. Los datos personales que recabamos a trav\u00e9s de estas tecnolog\u00edas, los utilizaremos para los siguientes fines:<\/p>\n\n\n\n<ul class=\"wp-block-list\">\n<li>Para enviarle informaci\u00f3n sobre los servicios que presta la empresa o para responder dudas o comentarios.<\/li>\n\n\n\n<li>Para ofertar los servicios de nuestra empresa<\/li>\n\n\n\n<li>Para comunicarles las condiciones del servicio<\/li>\n\n\n\n<li>Para enviar informaci\u00f3n relacionada a los servicios contratados<\/li>\n<\/ul>\n\n\n\n<p class=\"has-background-background-color has-background\"> Nos comprometemos a mantenerlo informado sobre los cambios que pueda  sufrir el presente aviso de privacidad, a trav\u00e9s de la p\u00e1gina <a href=\"https:\/\/denshi.mx\/\">https:\/\/denshi.mx<\/a><\/p>\n\n\n\n<blockquote class=\"wp-block-quote is-style-large is-layout-flow wp-block-quote-is-layout-flow\">\n<p>\u00daltima actualizaci\u00f3n: 20\/02\/2023<\/p>\n<\/blockquote>\n","protected":false},"excerpt":{"rendered":"<p>Denshi Industrial de M\u00e9xico, S.A. de C.V., con domicilio fiscal en calle Los Pinos No.5, Secci\u00f3n 10, colonia San Miguel Canoa, Puebla, Puebla, CP 72900, M\u00e9xico, y portal de internet https:\/\/denshi.mx, es el responsable del uso y protecci\u00f3n de sus datos personales, y al respecto le informamos lo siguiente: Los datos personales que recabamos de [&hellip;]<\/p>\n","protected":false},"author":1,"featured_media":0,"parent":0,"menu_order":0,"comment_status":"closed","ping_status":"open","template":"","meta":{"footnotes":""},"class_list":["post-3","page","type-page","status-publish","hentry"],"_links":{"self":[{"href":"https:\/\/denshi.mx\/index.php?rest_route=\/wp\/v2\/pages\/3","targetHints":{"allow":["GET"]}}],"collection":[{"href":"https:\/\/denshi.mx\/index.php?rest_route=\/wp\/v2\/pages"}],"about":[{"href":"https:\/\/denshi.mx\/index.php?rest_route=\/wp\/v2\/types\/page"}],"author":[{"embeddable":true,"href":"https:\/\/denshi.mx\/index.php?rest_route=\/wp\/v2\/users\/1"}],"replies":[{"embeddable":true,"href":"https:\/\/denshi.mx\/index.php?rest_route=%2Fwp%2Fv2%2Fcomments&post=3"}],"version-history":[{"count":11,"href":"https:\/\/denshi.mx\/index.php?rest_route=\/wp\/v2\/pages\/3\/revisions"}],"predecessor-version":[{"id":818,"href":"https:\/\/denshi.mx\/index.php?rest_route=\/wp\/v2\/pages\/3\/revisions\/818"}],"wp:attachment":[{"href":"https:\/\/denshi.mx\/index.php?rest_route=%2Fwp%2Fv2%2Fmedia&parent=3"}],"curies":[{"name":"wp","href":"https:\/\/api.w.org\/{rel}","templated":true}]}}